{"id":8,"date":"2025-05-01T19:42:08","date_gmt":"2025-05-01T19:42:08","guid":{"rendered":"https:\/\/hirnstamm.de\/?page_id=8"},"modified":"2025-06-03T14:19:27","modified_gmt":"2025-06-03T14:19:27","slug":"home","status":"publish","type":"page","link":"https:\/\/hirnstamm.de\/","title":{"rendered":"Home"},"content":{"rendered":"\t\t<div data-elementor-type=\"wp-page\" data-elementor-id=\"8\" class=\"elementor elementor-8\">\n\t\t\t\t<div class=\"elementor-element elementor-element-c99d0d1 e-flex e-con-boxed e-con e-parent\" data-id=\"c99d0d1\" data-element_type=\"container\" data-settings=\"{&quot;background_background&quot;:&quot;classic&quot;}\">\n\t\t\t\t\t<div class=\"e-con-inner\">\n\t\t<div class=\"elementor-element elementor-element-d525875 e-con-full e-flex e-con e-child\" data-id=\"d525875\" data-element_type=\"container\">\n\t\t\t\t<div class=\"elementor-element elementor-element-647956f elementor-widget elementor-widget-text-editor\" data-id=\"647956f\" data-element_type=\"widget\" data-widget_type=\"text-editor.default\">\n\t\t\t\t<div class=\"elementor-widget-container\">\n\t\t\t\t\t\t\t\t\t<p class=\"p1\">Praxis Diedrich<br \/>\u00c4rztliche Privatpraxis<br \/>Lange Str. 21<br \/>04668 Grimma<\/p>\t\t\t\t\t\t\t\t<\/div>\n\t\t\t\t<\/div>\n\t\t\t\t<\/div>\n\t\t<div class=\"elementor-element elementor-element-fe2b109 e-con-full e-flex e-con e-child\" data-id=\"fe2b109\" data-element_type=\"container\">\n\t\t\t\t<div class=\"elementor-element elementor-element-ba5efc4 elementor-widget elementor-widget-text-editor\" data-id=\"ba5efc4\" data-element_type=\"widget\" data-widget_type=\"text-editor.default\">\n\t\t\t\t<div class=\"elementor-widget-container\">\n\t\t\t\t\t\t\t\t\tTermine unter: termin@hirnstamm.de\t\t\t\t\t\t\t\t<\/div>\n\t\t\t\t<\/div>\n\t\t\t\t<\/div>\n\t\t\t\t\t<\/div>\n\t\t\t\t<\/div>\n\t\t<div class=\"elementor-element elementor-element-7502084 e-flex e-con-boxed e-con e-parent\" data-id=\"7502084\" data-element_type=\"container\" id=\"hirnstamm\">\n\t\t\t\t\t<div class=\"e-con-inner\">\n\t\t\t\t<div class=\"elementor-element elementor-element-5a860d8 elementor-widget elementor-widget-heading\" data-id=\"5a860d8\" data-element_type=\"widget\" data-widget_type=\"heading.default\">\n\t\t\t\t<div class=\"elementor-widget-container\">\n\t\t\t\t\t<h2 class=\"elementor-heading-title elementor-size-default\">Der Hirnstamm \n<\/h2>\t\t\t\t<\/div>\n\t\t\t\t<\/div>\n\t\t\t\t<div class=\"elementor-element elementor-element-7a7240a elementor-widget elementor-widget-text-editor\" data-id=\"7a7240a\" data-element_type=\"widget\" data-widget_type=\"text-editor.default\">\n\t\t\t\t<div class=\"elementor-widget-container\">\n\t\t\t\t\t\t\t\t\t<p class=\"p1\">Der Mensch speichert Traumata insbesondere im Hirnstamm. Nach neuer Theorie (Neurowissenschaftlerin Ruth Lanius) beruhen psychische Erkrankungen auf St\u00f6rungen des Hirnstamms. Dies ist aktuell eine Theorie die auf Tierstudien beruht. Die Studien dazu beim Menschen sind aktuell in der Vorbereitung. Es war bis vor wenigen Jahren nicht m\u00f6glich mit einem MRT den Hirnstamm so genau zu untersuchen, um daran psychiatrisch zu forschen. Dies hat sich durch den technischen Fortschritt ge\u00e4ndert.<\/p><p class=\"p1\">Der Hirnstamm ist f\u00fcr alle \u00fcberlebenswichtigen Vorg\u00e4nge, wie Atmung, Nahrungssuche, Fortpflanzung, Schlaf, usw. zust\u00e4ndig. Damit dieses Zentrum der lebenswichtigen Regulation erhalten bleibt, versucht der K\u00f6rper so lange wie m\u00f6glich seine Funktionsf\u00e4higkeit zu gew\u00e4hren.<\/p><p class=\"p1\">Der Rest des Gehirns, das Gro\u00dfhirn, das f\u00fcr Bewegungen, Denken und Planen, das Sehen und alle h\u00f6heren geistigen F\u00e4higkeiten zust\u00e4ndig ist, stellt ein Gegengewicht zum Hirnstamm da.<\/p><p class=\"p1\">Wenn der Hirnstamm durch psychische, aber auch k\u00f6rperliche Traumata (Autounf\u00e4lle, St\u00fcrze, aber auch Viren, etc.) in Schieflage ger\u00e4t, versucht das Gro\u00dfhirn diese Schieflage so gut es geht zu kompensieren, damit der Hirnstamm seine lebenswichtige Arbeit weiter verrichten kann.<\/p><p class=\"p1\">Wenn das Gro\u00dfhirn aber mehr kompensieren muss, als es aktuell im Stande ist, ist es \u00fcberfordert und kann seine eigenen Aufgaben nicht mehr zu 100% ausf\u00fchren. Es bilden sich psychische Symptome aus.<\/p><p class=\"p1\">Der Mensch entwickelt dann \u00c4ngste oder Schlafst\u00f6rungen oder Suchterkrankungen oder Pers\u00f6nlichkeitsst\u00f6rungen. Im Extremfall auch schwerste Erkrankungen wie Schizophrenien, manisch-depressive Erkrankungen oder Demenzen.<\/p><p class=\"p1\">Z.B. ist eine Depression nichts, was vom Himmel f\u00e4llt und jemanden wie eine Erk\u00e4ltung bef\u00e4llt, so wie es in der klassischen Psychiatrie darstellt wird, sondern ein Schutzmechanismus des K\u00f6rpers, um sich vor weiteren Belastungen zu sch\u00fctzen. Der depressive Patient schaltet einen oder mehrere G\u00e4nge im Leben zur\u00fcck um sein Gehirn und seinen K\u00f6rper zu schonen. Es ist ein Schutzmechanismus, ausgel\u00f6st auf Dr\u00e4ngen des Hirnstamms.\u00a0<\/p>\t\t\t\t\t\t\t\t<\/div>\n\t\t\t\t<\/div>\n\t\t\t\t\t<\/div>\n\t\t\t\t<\/div>\n\t\t<div class=\"elementor-element elementor-element-682e819 e-flex e-con-boxed e-con e-parent\" data-id=\"682e819\" data-element_type=\"container\" id=\"deepbrainreordering\">\n\t\t\t\t\t<div class=\"e-con-inner\">\n\t\t\t\t<div class=\"elementor-element elementor-element-552267c elementor-widget elementor-widget-heading\" data-id=\"552267c\" data-element_type=\"widget\" data-widget_type=\"heading.default\">\n\t\t\t\t<div class=\"elementor-widget-container\">\n\t\t\t\t\t<h2 class=\"elementor-heading-title elementor-size-default\">Deep Brain Reorienting (DBR)<\/h2>\t\t\t\t<\/div>\n\t\t\t\t<\/div>\n\t\t\t\t<div class=\"elementor-element elementor-element-a179693 elementor-widget elementor-widget-text-editor\" data-id=\"a179693\" data-element_type=\"widget\" data-widget_type=\"text-editor.default\">\n\t\t\t\t<div class=\"elementor-widget-container\">\n\t\t\t\t\t\t\t\t\t<p class=\"p1\">Deep Brain Reorienting ist eine neue Art der Traumatherapie. Entwickelt vom schottischen Arzt und Psychiater Frank Corrigan. Es ist die erste Psychotherapie die sich direkt mit dem Hirnstamm befasst. Und sich damit \u201emit dem Kern des psychiatrischen Problems\u201c besch\u00e4ftigt, dem fehlregulierten Hirnstamm.<\/p><p class=\"p1\">Der Hirnstamm eines Menschen ist der Signalgeber f\u00fcr den restlichen Teil des Gehirns, dem Gro\u00dfhirn. Der Hirnstamm signalisiert z.B. \u201eHunger\u201c und das Gro\u00dfhirn leitet komplexere Schritte ein, den Hunger zu stillen (Essen zubereiten oder Lebensmittel einkaufen).<\/p><p class=\"p1\">Dies geschieht im Regelfall weitestgehend automatisch und unbewusst. Man kann sich zwar seines Hungers bewusst sein, doch der Hirnstamm reguliert den Gro\u00dfteil im Hintergrund.\u00a0<\/p><p class=\"p1\">Das gleiche geschieht auch bei psychiatrischen Erkrankungen. Fast alle Sinneseindr\u00fccke unseres K\u00f6rpers werden im Hirnstamm zuerst erfasst und \u201eausgewertet\u201c.<\/p><p class=\"p1\">Die Auswertung der Sinneseindr\u00fccke und die Reaktion darauf geschieht blitzschnell. Im Bruchteil einer Sekunde. Es wird ein Reiz wahrgenommen und zuerst der Hirnstamm und nachfolgend das Gro\u00dfhirn reagieren darauf. Reiz -&gt; Reaktion. Man verliert das Gleichgewicht (Reiz) und der K\u00f6rper streckt die Arme aus um den Fall abzust\u00fctzen (Reaktion).<\/p><p class=\"p1\">Nun kann dieses Schema aus Reiz -&gt; Reaktion aber \u201eunpassend\u201c verkn\u00fcpft sein und damit dem Menschen langfristig schaden.<\/p><p class=\"p1\">Z.B. k\u00f6nnte ein Alkoholabh\u00e4ngiger jedesmal wenn er (unbewusst) Stress empfindet, sich mit Alkohol beruhigen. Zu Beginn kann das noch ganz bewusst geschehen sein. Der Alkoholabh\u00e4ngige kam gestresst von der Arbeit und trank ein Glas Wein um \u201edie Nerven zu beruhigen\u201c. Doch im Verlauf der Jahre wurde der Stress zunehmend mehr und die Menge an Alkohol gr\u00f6\u00dfer. Der Reiz (Stress) und die Reaktion (Alkohol trinken) haben sich verselbstst\u00e4ndigt und zu einer Suchterkrankung gef\u00fchrt.\u00a0<\/p><p class=\"p1\">Diese \u201eVerselbstst\u00e4ndigungen\u201c im Verhalten sind h\u00e4ufig und haben ihren Ursprung im unbewussten Teil des Gehirns, zu dem der Hirnstamm geh\u00f6rt.<\/p><p class=\"p1\">Bei Deep Brain Reorienting wird dieses automatische Reiz -&gt; Reaktionsmuster aufgel\u00f6st.<\/p><p class=\"p1\">Und zwar direkt am Entstehungsort, dem Hirnstamm. Der Patient lernt diese automatischen Muster, die im Unterbewussten stattfinden, bewusst wahrzunehmen und die normalerweise folgende problematische Reaktion zu unterlassen.<\/p><p class=\"p1\">Dem alkoholabh\u00e4ngigen Patienten kann mit Hilfe der DBR-Therapie seine durch Stress hervorgerufene Erregung bewusst gemacht und somit neue Handlungsoptionen aufgezeigt werden, wobei die alte Reaktion (Alkohol zu konsumieren) entf\u00e4llt.<\/p><p class=\"p1\">Durch Deep Brain Reorienting kommt es zu einer Kontrolle des Unbewussten (Hirnstamm) durch das Bewusstsein (Gro\u00dfhirn). Somit k\u00f6nnen die \u201eFehlverkn\u00fcpfungen\u201c des Hirnstamms nach und nach aufgel\u00f6st werden. Das Auftreten von psychiatrischen Symptomen wird abgemildert oder verschwindet g\u00e4nzlich. Das Gro\u00dfhirn muss nicht mehr kompensatorisch den Hirnstamm st\u00fctzen.<\/p><p class=\"p1\">Diese Fehlverkn\u00fcpfungen des Hirnstamms gibt es wahrscheinlich bei allen psychiatrischen Erkrankungen.\u00a0<\/p>\t\t\t\t\t\t\t\t<\/div>\n\t\t\t\t<\/div>\n\t\t\t\t\t<\/div>\n\t\t\t\t<\/div>\n\t\t<div class=\"elementor-element elementor-element-227a5ea e-flex e-con-boxed e-con e-parent\" data-id=\"227a5ea\" data-element_type=\"container\" id=\"neurofeedback\">\n\t\t\t\t\t<div class=\"e-con-inner\">\n\t\t\t\t<div class=\"elementor-element elementor-element-fe529c1 elementor-widget elementor-widget-heading\" data-id=\"fe529c1\" data-element_type=\"widget\" data-widget_type=\"heading.default\">\n\t\t\t\t<div class=\"elementor-widget-container\">\n\t\t\t\t\t<h2 class=\"elementor-heading-title elementor-size-default\">Neurofeedback\n<\/h2>\t\t\t\t<\/div>\n\t\t\t\t<\/div>\n\t\t\t\t<div class=\"elementor-element elementor-element-ae21aee elementor-widget elementor-widget-text-editor\" data-id=\"ae21aee\" data-element_type=\"widget\" data-widget_type=\"text-editor.default\">\n\t\t\t\t<div class=\"elementor-widget-container\">\n\t\t\t\t\t\t\t\t\t<p class=\"p1\">Neurofeedback ist eine Methode, die auf der R\u00fcckmeldung der Gehirnaktivit\u00e4t basiert. Bei dieser Methode werden (passiv) Gehirnstr\u00f6me gemessen und dem Patienten in Form eines Signals (Ton\/Bild) r\u00fcckgemeldet, damit er lernt, seine Gehirnaktivit\u00e4t bewusst zu beeinflussen. Diese R\u00fcckmeldung nennt man \u201eFeedback\u201c.<\/p><p class=\"p3\">Die Methode basiert auf der Beobachtung, dass bestimmte Gehirnwellenmuster mit bestimmten geistigen Zust\u00e4nden wie Konzentration, Entspannung oder Anspannung korrelieren. Indem der Patient lernt, diese Gehirnwellenmuster zu beeinflussen, kann er auch seine eigenen geistigen Zust\u00e4nde regulieren und verbessern.\u00a0<\/p><p class=\"p3\">Dem Patienten wird Feedback gegeben, wenn er bestimmte Gehirnwellenmuster zeigt, und er lernt, diese Muster durch bewusstes Verhalten zu beeinflussen. Das Gehirn wird durch die Belohnung des richtigen Verhaltens trainiert, bestimmte Gehirnwellenmuster zu erzeugen.\u00a0<\/p><p class=\"p3\">Beispiel: Bei einem Neurofeedbacktraining f\u00fcr ADHS k\u00f6nnte der Patient zum Beispiel einen Film sehen, der heller wird, wenn er konzentriert ist, und dunkler, wenn er abgelenkt ist. Durch diese R\u00fcckmeldung lernt er, seine Aufmerksamkeit zu steuern.\u00a0<\/p><p class=\"p3\">Neurofeedback ist eine sanfte und nicht-invasive Methode, um die Gehirnaktivit\u00e4t zu beeinflussen und Fehlregulationen des Gehirns zu therapieren.<\/p><p class=\"p1\"><span class=\"s1\">Die im Abschnitt \u201eHirnstamm\u201c besprochene \u201eSchieflage\u201c des Gehirns kann mit Neurofeedback aufgehoben werden. <\/span><\/p>\t\t\t\t\t\t\t\t<\/div>\n\t\t\t\t<\/div>\n\t\t\t\t\t<\/div>\n\t\t\t\t<\/div>\n\t\t<div class=\"elementor-element elementor-element-71d2d20 e-flex e-con-boxed e-con e-parent\" data-id=\"71d2d20\" data-element_type=\"container\" id=\"funktionellemedizin\">\n\t\t\t\t\t<div class=\"e-con-inner\">\n\t\t\t\t<div class=\"elementor-element elementor-element-3128d93 elementor-widget elementor-widget-heading\" data-id=\"3128d93\" data-element_type=\"widget\" data-widget_type=\"heading.default\">\n\t\t\t\t<div class=\"elementor-widget-container\">\n\t\t\t\t\t<h2 class=\"elementor-heading-title elementor-size-default\">Funktionelle Medizin \n<\/h2>\t\t\t\t<\/div>\n\t\t\t\t<\/div>\n\t\t\t\t<div class=\"elementor-element elementor-element-9e53bbb elementor-widget elementor-widget-image\" data-id=\"9e53bbb\" data-element_type=\"widget\" data-widget_type=\"image.default\">\n\t\t\t\t<div class=\"elementor-widget-container\">\n\t\t\t\t\t\t\t\t\t\t\t\t\t\t\t<img fetchpriority=\"high\" decoding=\"async\" width=\"1024\" height=\"1024\" src=\"https:\/\/hirnstamm.de\/wp-content\/uploads\/2025\/05\/Funktionelle-Medizin.webp\" class=\"attachment-large size-large wp-image-10\" alt=\"\" srcset=\"https:\/\/hirnstamm.de\/wp-content\/uploads\/2025\/05\/Funktionelle-Medizin.webp 1024w, https:\/\/hirnstamm.de\/wp-content\/uploads\/2025\/05\/Funktionelle-Medizin-300x300.webp 300w, https:\/\/hirnstamm.de\/wp-content\/uploads\/2025\/05\/Funktionelle-Medizin-150x150.webp 150w, https:\/\/hirnstamm.de\/wp-content\/uploads\/2025\/05\/Funktionelle-Medizin-768x768.webp 768w\" sizes=\"(max-width: 1024px) 100vw, 1024px\" \/>\t\t\t\t\t\t\t\t\t\t\t\t\t\t\t<\/div>\n\t\t\t\t<\/div>\n\t\t\t\t<div class=\"elementor-element elementor-element-5e2b3fe elementor-widget elementor-widget-text-editor\" data-id=\"5e2b3fe\" data-element_type=\"widget\" data-widget_type=\"text-editor.default\">\n\t\t\t\t<div class=\"elementor-widget-container\">\n\t\t\t\t\t\t\t\t\t<p>Das Bild der beiden Goldfische erkl\u00e4rt das grundlegende Prinzip der funktionellen Medizin (\u201eTheorie 2\u201c) im Unterschied zur klassischen Schulmedizin (\u201eTheorie 1\u201c) . Die klassische Schulmedizin behandelt Erkrankungen. Und das oft nicht urs\u00e4chlich, sondern indem sie Symptome<br \/>abmildert.<\/p><p>Beispiel:<\/p><p>Der Patient erleidet einen Migr\u00e4neanfall und nimmt eine Tablette gegen die Schmerzen ein, die so einigerma\u00dfen wirkt. Beim n\u00e4chsten Migr\u00e4neanfall wiederholt sich das ganze. Die n\u00e4chste Tablette wird eingenommen. Die Ursache der Migr\u00e4ne wird aber nicht abgekl\u00e4rt. Es ist eine rein symptomatische Behandlung.<\/p><p>Die funktionelle Medizin w\u00fcrde bei der Therapie der Migr\u00e4ne anders vorgehen. Der funktionell arbeitende Arzt untersucht (z.B. durch Laboranalyse von Mineralien im Blut), was dem Menschen fehlt und die Migr\u00e4ne beg\u00fcnstigt. Z.B. kann das Fehlen des Minerals Magnesium im K\u00f6rper Migr\u00e4neanf\u00e4lle hervorrufen. In diesem Falle w\u00fcrde er anstelle der Migr\u00e4netablette Magnesium verordnen. Es wird versucht die Ursache zu beheben, anstatt dauerhaft Symptome abzumildern.<\/p><p>Anstatt beim Goldfisch im ersten Glas zu analysieren, warum das Wasser braun geworden ist, welchen Braunton das Wasser jetzt genau hat und welches Medikament nun gegen genau diese Art von braunem Wasser am besten wirkt, k\u00f6nnte man dem Fisch sauberes Wasser in sein Aquarium f\u00fcllen. Die Natur heilt sich selbst, wenn man sie denn l\u00e4sst.<\/p><p>Nur leider ist die Schulmedizin soweit auf Wasseranalyse und Medikamentensuche gegen braunes Wasser fokussiert, dass sie vollkommen aus den Augen verloren hat, was der Mensch wirklich braucht.<\/p><p>Die Produktion aller Nervenbotenstoffe des Gehirns (\u201eNeurotransmitter\u201c) sind abh\u00e4ngig von Mineralien und Vitaminen. F\u00fcr den Menschen wird es zunehmend schwieriger die daf\u00fcr ben\u00f6tigte Menge an Mineralien und Vitaminen t\u00e4glich zu sich zu nehmen. Fast Food, Umweltgifte, schlechte Verdauung, Unmengen an Zucker, Gluten, die Ursachen f\u00fcr diese Entwicklung sind vielf\u00e4ltig.<\/p><p>Die funktionelle Medizin versucht Defizite im K\u00f6rper durch gezielte Verordnung von Nahrungserg\u00e4nzungsmittel und Lebensstilinterventionen auszugleichen. Um somit dem K\u00f6rper die M\u00f6glichkeit zu geben, die von der Natur vorgesehenen und f\u00fcr das \u00dcberleben ben\u00f6tigten Stoffwechselvorg\u00e4nge aufrecht zu erhalten.<\/p>\t\t\t\t\t\t\t\t<\/div>\n\t\t\t\t<\/div>\n\t\t\t\t\t<\/div>\n\t\t\t\t<\/div>\n\t\t<div class=\"elementor-element elementor-element-a4a552f e-flex e-con-boxed e-con e-parent\" data-id=\"a4a552f\" data-element_type=\"container\" id=\"ubermich\">\n\t\t\t\t\t<div class=\"e-con-inner\">\n\t\t\t\t<div class=\"elementor-element elementor-element-3f2e5a3 elementor-widget elementor-widget-heading\" data-id=\"3f2e5a3\" data-element_type=\"widget\" data-widget_type=\"heading.default\">\n\t\t\t\t<div class=\"elementor-widget-container\">\n\t\t\t\t\t<h2 class=\"elementor-heading-title elementor-size-default\">\u00dcber mich\n<\/h2>\t\t\t\t<\/div>\n\t\t\t\t<\/div>\n\t\t\t\t<div class=\"elementor-element elementor-element-fbe914c elementor-widget elementor-widget-text-editor\" data-id=\"fbe914c\" data-element_type=\"widget\" data-widget_type=\"text-editor.default\">\n\t\t\t\t<div class=\"elementor-widget-container\">\n\t\t\t\t\t\t\t\t\t<p class=\"p1\">Robert Diedrich<\/p><p class=\"p1\">Nach dem Medizinstudium an der Medizinischen Hochschule Hannover, arbeitete ich seit 2016 an verschiedenen Kliniken in den Fachbereichen Psychiatrie (Rinteln), Kinder- und Jugendpsychiatrie (Kassel) und Psychosomatik (Bad Wildungen).<\/p><p class=\"p1\">Seit 2025 bin ich selbstst\u00e4ndig in eigener Praxis als funktionell therapierender Arzt mit dem Schwerpunkt Psychiatrie t\u00e4tig.<\/p>\t\t\t\t\t\t\t\t<\/div>\n\t\t\t\t<\/div>\n\t\t\t\t<div class=\"elementor-element elementor-element-72aeab6 elementor-fixed elementor-widget elementor-widget-button\" data-id=\"72aeab6\" data-element_type=\"widget\" data-settings=\"{&quot;_position&quot;:&quot;fixed&quot;}\" data-widget_type=\"button.default\">\n\t\t\t\t<div class=\"elementor-widget-container\">\n\t\t\t\t\t\t\t\t\t<div class=\"elementor-button-wrapper\">\n\t\t\t\t\t<a class=\"elementor-button elementor-button-link elementor-size-sm\" href=\"#hirnstamm\">\n\t\t\t\t\t\t<span class=\"elementor-button-content-wrapper\">\n\t\t\t\t\t\t\t\t\t<span class=\"elementor-button-text\">Nach oben<\/span>\n\t\t\t\t\t<\/span>\n\t\t\t\t\t<\/a>\n\t\t\t\t<\/div>\n\t\t\t\t\t\t\t\t<\/div>\n\t\t\t\t<\/div>\n\t\t\t\t\t<\/div>\n\t\t\t\t<\/div>\n\t\t\t\t<\/div>\n\t\t","protected":false},"excerpt":{"rendered":"<p>Praxis Diedrich\u00c4rztliche PrivatpraxisLange Str. 2104668 Grimma Termine unter: termin@hirnstamm.de Der Hirnstamm Der Mensch speichert Traumata insbesondere im Hirnstamm. Nach neuer [&hellip;]<\/p>\n","protected":false},"author":1,"featured_media":0,"parent":0,"menu_order":0,"comment_status":"closed","ping_status":"closed","template":"","meta":{"site-sidebar-layout":"no-sidebar","site-content-layout":"","ast-site-content-layout":"full-width-container","site-content-style":"default","site-sidebar-style":"default","ast-global-header-display":"","ast-banner-title-visibility":"","ast-main-header-display":"","ast-hfb-above-header-display":"","ast-hfb-below-header-display":"","ast-hfb-mobile-header-display":"","site-post-title":"disabled","ast-breadcrumbs-content":"","ast-featured-img":"disabled","footer-sml-layout":"","theme-transparent-header-meta":"","adv-header-id-meta":"","stick-header-meta":"","header-above-stick-meta":"","header-main-stick-meta":"","header-below-stick-meta":"","astra-migrate-meta-layouts":"default","ast-page-background-enabled":"default","ast-page-background-meta":{"desktop":{"background-color":"var(--ast-global-color-5)","background-image":"","background-repeat":"repeat","background-position":"center center","background-size":"auto","background-attachment":"scroll","background-type":"","background-media":"","overlay-type":"","overlay-color":"","overlay-opacity":"","overlay-gradient":""},"tablet":{"background-color":"","background-image":"","background-repeat":"repeat","background-position":"center center","background-size":"auto","background-attachment":"scroll","background-type":"","background-media":"","overlay-type":"","overlay-color":"","overlay-opacity":"","overlay-gradient":""},"mobile":{"background-color":"","background-image":"","background-repeat":"repeat","background-position":"center center","background-size":"auto","background-attachment":"scroll","background-type":"","background-media":"","overlay-type":"","overlay-color":"","overlay-opacity":"","overlay-gradient":""}},"ast-content-background-meta":{"desktop":{"background-color":"var(--ast-global-color-4)","background-image":"","background-repeat":"repeat","background-position":"center center","background-size":"auto","background-attachment":"scroll","background-type":"","background-media":"","overlay-type":"","overlay-color":"","overlay-opacity":"","overlay-gradient":""},"tablet":{"background-color":"var(--ast-global-color-4)","background-image":"","background-repeat":"repeat","background-position":"center center","background-size":"auto","background-attachment":"scroll","background-type":"","background-media":"","overlay-type":"","overlay-color":"","overlay-opacity":"","overlay-gradient":""},"mobile":{"background-color":"var(--ast-global-color-4)","background-image":"","background-repeat":"repeat","background-position":"center center","background-size":"auto","background-attachment":"scroll","background-type":"","background-media":"","overlay-type":"","overlay-color":"","overlay-opacity":"","overlay-gradient":""}},"footnotes":""},"class_list":["post-8","page","type-page","status-publish","hentry"],"_links":{"self":[{"href":"https:\/\/hirnstamm.de\/index.php?rest_route=\/wp\/v2\/pages\/8","targetHints":{"allow":["GET"]}}],"collection":[{"href":"https:\/\/hirnstamm.de\/index.php?rest_route=\/wp\/v2\/pages"}],"about":[{"href":"https:\/\/hirnstamm.de\/index.php?rest_route=\/wp\/v2\/types\/page"}],"author":[{"embeddable":true,"href":"https:\/\/hirnstamm.de\/index.php?rest_route=\/wp\/v2\/users\/1"}],"replies":[{"embeddable":true,"href":"https:\/\/hirnstamm.de\/index.php?rest_route=%2Fwp%2Fv2%2Fcomments&post=8"}],"version-history":[{"count":25,"href":"https:\/\/hirnstamm.de\/index.php?rest_route=\/wp\/v2\/pages\/8\/revisions"}],"predecessor-version":[{"id":65,"href":"https:\/\/hirnstamm.de\/index.php?rest_route=\/wp\/v2\/pages\/8\/revisions\/65"}],"wp:attachment":[{"href":"https:\/\/hirnstamm.de\/index.php?rest_route=%2Fwp%2Fv2%2Fmedia&parent=8"}],"curies":[{"name":"wp","href":"https:\/\/api.w.org\/{rel}","templated":true}]}}